{"id":2398,"date":"2023-02-10T11:54:01","date_gmt":"2023-02-10T10:54:01","guid":{"rendered":"https:\/\/virtua360.it\/vt\/?page_id=2398"},"modified":"2023-02-10T16:10:52","modified_gmt":"2023-02-10T15:10:52","slug":"le-3-realta-virtuali","status":"publish","type":"page","link":"https:\/\/virtua360.it\/vt\/le-3-realta-virtuali\/","title":{"rendered":"Le 3 realt\u00e0 virtuali"},"content":{"rendered":"<section  class='av_textblock_section av-ldydjfwe-060a649cc571de7dc4c7903a96e66e1b '   itemscope=\"itemscope\" itemtype=\"https:\/\/schema.org\/CreativeWork\" ><div class='avia_textblock'  itemprop=\"text\" ><h2><strong><span style=\"color: #e03a3a;\">L<\/span><\/strong>e tre realt\u00e0 virtuali<\/h2>\n<\/div><\/section>\n<div  class='flex_column av-qnpy5a-f2521bc2ad2c35dba872b5bd6f071087 av_one_half  avia-builder-el-1  el_after_av_textblock  el_before_av_one_half  first flex_column_div  column-top-margin'     ><section  class='av_textblock_section av-2mbbse-55839a18f0ce1f9e1c8219e7fb3eda18 '   itemscope=\"itemscope\" itemtype=\"https:\/\/schema.org\/CreativeWork\" ><div class='avia_textblock'  itemprop=\"text\" ><p><span style=\"font-size: 14pt; color: #000000;\">Spesso si fa confusione tra le tre realt\u00e0 virtuali, in sintesi possiamo dire che tutte offrono situazioni uniche le quali combinano elementi virtuali e reali in modi diversi, creando esperienze coinvolgenti e immersive per gli utenti. Andiamole a scoprire pi\u00f9 in dettaglio:<\/span><\/p>\n<ul>\n<li><span style=\"font-size: 14pt; color: #000000;\">Realt\u00e0 Aumentata (AV)<\/span><\/li>\n<li><span style=\"font-size: 14pt; color: #000000;\">Realt\u00e0 Virtuale (VR)<\/span><\/li>\n<li><span style=\"font-size: 14pt; color: #000000;\">Realt\u00e0 Mista\u00a0 (MR)<\/span><\/li>\n<\/ul>\n<\/div><\/section><\/div>\n<div  class='flex_column av-o8zqge-8bf47cfb984c9b52e2adf0333d053a23 av_one_half  avia-builder-el-3  el_after_av_one_half  el_before_av_textblock  flex_column_div  column-top-margin'     ><style type=\"text\/css\" data-created_by=\"avia_inline_auto\" id=\"style-css-av-n4nei6-d02221224ceaa80d0f05df606776f813\">\n.avia-image-container.av-n4nei6-d02221224ceaa80d0f05df606776f813 img.avia_image{\nbox-shadow:none;\n}\n.avia-image-container.av-n4nei6-d02221224ceaa80d0f05df606776f813 .av-image-caption-overlay-center{\ncolor:#ffffff;\n}\n<\/style>\n<div  class='avia-image-container av-n4nei6-d02221224ceaa80d0f05df606776f813 av-styling- avia-align-center  avia-builder-el-4  avia-builder-el-no-sibling '   itemprop=\"image\" itemscope=\"itemscope\" itemtype=\"https:\/\/schema.org\/ImageObject\" ><div class=\"avia-image-container-inner\"><div class=\"avia-image-overlay-wrap\"><img decoding=\"async\" fetchpriority=\"high\" class='wp-image-2418 avia-img-lazy-loading-not-2418 avia_image ' src=\"https:\/\/virtua360.it\/vt\/wp-content\/uploads\/2023\/02\/realta-aumentata-arredamento-495x400.jpg\" alt='' title=''  height=\"400\" width=\"495\"  itemprop=\"thumbnailUrl\"  \/><\/div><\/div><\/div><\/div><section  class='av_textblock_section av-ldydksed-32be296de5661b0372b81b0033941382 '   itemscope=\"itemscope\" itemtype=\"https:\/\/schema.org\/CreativeWork\" ><div class='avia_textblock'  itemprop=\"text\" ><h2><span style=\"color: #e03a3a;\">L<\/span>a realt\u00e0 aumentata (<span style=\"color: #e03a3a;\">AV<\/span>)<\/h2>\n<\/div><\/section><\/p>\n<div  class='flex_column av-l2y5j2-38dd5487719b76340c38070c471258ac av_one_half  avia-builder-el-6  el_after_av_textblock  el_before_av_one_half  first flex_column_div  column-top-margin'     ><section  class='av_textblock_section av-j01lwu-03b88b12bf36a437b183e673199d1c35 '   itemscope=\"itemscope\" itemtype=\"https:\/\/schema.org\/CreativeWork\" ><div class='avia_textblock'  itemprop=\"text\" ><p class=\"p1\"><span style=\"font-size: 14pt; color: #000000;\">La realt\u00e0 aumentata (AR) \u00e8 una tecnologia che combina l&#8217;immagine reale del mondo con elementi virtuali, come grafici, testo, video e audio, per creare una esperienza visiva e interattiva che integra il mondo reale e quello virtuale.<\/span><\/p>\n<p class=\"p1\"><span style=\"font-size: 14pt; color: #000000;\">Gli elementi sono visualizzati su un dispositivo come uno smartphone o un tablet, e possono essere posizionati in modo coerente rispetto all&#8217;ambiente reale, dando l&#8217;impressione di essere fisicamente presenti.<\/span><\/p>\n<p class=\"p1\"><span style=\"font-size: 14pt; color: #000000;\">La realt\u00e0 aumentata viene utilizzata in molte applicazioni, come la formazione, l&#8217;intrattenimento, lo sport, la pubblicit\u00e0, la produzione e la riparazione di prodotti.<\/span><\/p>\n<\/div><\/section><\/div>\n<div  class='flex_column av-hy25im-e9a51029f7881f2fde2f14f7d33a8d16 av_one_half  avia-builder-el-8  el_after_av_one_half  el_before_av_textblock  flex_column_div  column-top-margin'     ><style type=\"text\/css\" data-created_by=\"avia_inline_auto\" id=\"style-css-av-g1dl66-3a79e1df5b065d50cfc3a7ebc923d92d\">\n.avia-image-container.av-g1dl66-3a79e1df5b065d50cfc3a7ebc923d92d img.avia_image{\nbox-shadow:none;\n}\n.avia-image-container.av-g1dl66-3a79e1df5b065d50cfc3a7ebc923d92d .av-image-caption-overlay-center{\ncolor:#ffffff;\n}\n<\/style>\n<div  class='avia-image-container av-g1dl66-3a79e1df5b065d50cfc3a7ebc923d92d av-styling- avia-align-center  avia-builder-el-9  avia-builder-el-no-sibling '   itemprop=\"image\" itemscope=\"itemscope\" itemtype=\"https:\/\/schema.org\/ImageObject\" ><div class=\"avia-image-container-inner\"><div class=\"avia-image-overlay-wrap\"><img decoding=\"async\" fetchpriority=\"high\" class='wp-image-2406 avia-img-lazy-loading-not-2406 avia_image ' src=\"https:\/\/virtua360.it\/vt\/wp-content\/uploads\/2023\/02\/relata-aumentata-495x400.jpg\" alt='' title=''  height=\"400\" width=\"495\"  itemprop=\"thumbnailUrl\" srcset=\"https:\/\/virtua360.it\/vt\/wp-content\/uploads\/2023\/02\/relata-aumentata-495x400.jpg 495w, https:\/\/virtua360.it\/vt\/wp-content\/uploads\/2023\/02\/relata-aumentata-845x684.jpg 845w\" sizes=\"(max-width: 495px) 100vw, 495px\" \/><\/div><\/div><\/div><\/div>\n<section  class='av_textblock_section av-ldydlvti-a3fd11db83b127de84d7cd95190b0cd5 '   itemscope=\"itemscope\" itemtype=\"https:\/\/schema.org\/CreativeWork\" ><div class='avia_textblock'  itemprop=\"text\" ><h2><span style=\"color: #e03a3a;\">L<\/span>a realt\u00e0 virtuale (<span style=\"color: #e03a3a;\">VR<\/span>)<\/h2>\n<\/div><\/section>\n<div  class='flex_column av-drlwy6-0bc8040bdb839e8e3a7e5dec58b3b7ea av_one_half  avia-builder-el-11  el_after_av_textblock  el_before_av_one_half  first flex_column_div  column-top-margin'     ><section  class='av_textblock_section av-bstwjy-750509139b2248c84b137be7f8fa21d2 '   itemscope=\"itemscope\" itemtype=\"https:\/\/schema.org\/CreativeWork\" ><div class='avia_textblock'  itemprop=\"text\" ><p class=\"p1\"><span style=\"font-size: 14pt; color: #000000;\">La realt\u00e0 virtuale (VR) \u00e8 un ambiente artificiale generato da un computer che viene percepito come reale dall&#8217;utilizzatore. Lo scopo della VR \u00e8 quello di fornire un&#8217;esperienza immersiva che simuli la presenza fisica in un ambiente virtuale.<\/span><\/p>\n<p class=\"p1\"><span style=\"font-size: 14pt; color: #000000;\"> L&#8217;utente \u00e8 in grado di interagire con questo ambiente artificiale come se fosse tangibile, creando una sensazione di contatto.<\/span><\/p>\n<p class=\"p1\"><span style=\"font-size: 14pt; color: #000000;\">Questo ambiente viene visualizzato attraverso un visore VR o uno schermo e l&#8217;utente pu\u00f2 interagire con esso tramite dispositivi come joystick, controller o guanti.<\/span><\/p>\n<p class=\"p1\"><span style=\"font-size: 14pt; color: #000000;\"> La VR viene utilizzata in molte applicazioni, come il gaming, la formazione, la progettazione, la visualizzazione architettonica, la medicina, l&#8217;intrattenimento e molte altre.<\/span><\/p>\n<\/div><\/section><\/div>\n<div  class='flex_column av-akgw9q-a8afd20b99fd6276ad3916f8cac0a0d6 av_one_half  avia-builder-el-13  el_after_av_one_half  el_before_av_textblock  flex_column_div  column-top-margin'     ><style type=\"text\/css\" data-created_by=\"avia_inline_auto\" id=\"style-css-av-8k4au6-1db4519d1a2b6d670944c65b8950bbc7\">\n.avia-image-container.av-8k4au6-1db4519d1a2b6d670944c65b8950bbc7 img.avia_image{\nbox-shadow:none;\n}\n.avia-image-container.av-8k4au6-1db4519d1a2b6d670944c65b8950bbc7 .av-image-caption-overlay-center{\ncolor:#ffffff;\n}\n<\/style>\n<div  class='avia-image-container av-8k4au6-1db4519d1a2b6d670944c65b8950bbc7 av-styling- avia-align-center  avia-builder-el-14  avia-builder-el-no-sibling '   itemprop=\"image\" itemscope=\"itemscope\" itemtype=\"https:\/\/schema.org\/ImageObject\" ><div class=\"avia-image-container-inner\"><div class=\"avia-image-overlay-wrap\"><img decoding=\"async\" fetchpriority=\"high\" class='wp-image-2189 avia-img-lazy-loading-not-2189 avia_image ' src=\"https:\/\/virtua360.it\/vt\/wp-content\/uploads\/2023\/02\/visoreVR-495x400.jpg\" alt='' title=''  height=\"400\" width=\"495\"  itemprop=\"thumbnailUrl\"  \/><\/div><\/div><\/div><\/div><section  class='av_textblock_section av-ldydngbl-4da36a902400a9281346ef31b5e0c366 '   itemscope=\"itemscope\" itemtype=\"https:\/\/schema.org\/CreativeWork\" ><div class='avia_textblock'  itemprop=\"text\" ><h2><span style=\"color: #e03a3a;\">L<\/span>a realt\u00e0 mista (<span style=\"color: #e03a3a;\">MR<\/span>)<\/h2>\n<\/div><\/section><\/p>\n<div  class='flex_column av-81c2pa-b93581fe55b397b74032f5b1a823a855 av_one_half  avia-builder-el-16  el_after_av_textblock  el_before_av_one_half  first flex_column_div  column-top-margin'     ><section  class='av_textblock_section av-6640se-070e9abf45a67adf03d9a7e76db6b30d '   itemscope=\"itemscope\" itemtype=\"https:\/\/schema.org\/CreativeWork\" ><div class='avia_textblock'  itemprop=\"text\" ><p class=\"p1\"><span style=\"font-size: 14pt; color: #000000;\">La realt\u00e0 mista (MR) \u00e8 una tecnologia che combina elementi di realt\u00e0 virtuale (VR) e realt\u00e0 aumentata (AR) per creare un&#8217;esperienza di realt\u00e0 ibrida.<\/span><\/p>\n<p class=\"p1\"><span style=\"font-size: 14pt; color: #000000;\">Questo viene ottenuto utilizzando tecnologie come visori VR, sensori di movimento e altre modalit\u00e0 di tracciamento, che permettono agli utenti di dialogare con l&#8217;ambiente virtuale in modo simile a come interagirebbero con il mondo reale.<\/span><\/p>\n<p class=\"p1\"><span style=\"font-size: 14pt; color: #000000;\"> In MR, l&#8217;ambiente reale viene sovrapposto da elementi virtuali, come grafica, audio e video, creando un mondo ibrido che sembra vero ma che pu\u00f2 essere manipolato dall&#8217;utente.<\/span><\/p>\n<p class=\"p1\"><span style=\"font-size: 14pt; color: #000000;\">Questa tecnologia viene utilizzata in molteplici ambiti, come il gaming, la formazione, la progettazione industriale e la pubblicit\u00e0, per creare esperienze immersive e coinvolgenti.<\/span><\/p>\n<\/div><\/section><\/div>\n<div  class='flex_column av-4vspn2-962c5e3fabbfffb593dd2ce846cc3f50 av_one_half  avia-builder-el-18  el_after_av_one_half  avia-builder-el-last  flex_column_div  column-top-margin'     ><style type=\"text\/css\" data-created_by=\"avia_inline_auto\" id=\"style-css-av-273pa6-8d0906f151ec11ed45204d70158ad063\">\n.avia-image-container.av-273pa6-8d0906f151ec11ed45204d70158ad063 img.avia_image{\nbox-shadow:none;\n}\n.avia-image-container.av-273pa6-8d0906f151ec11ed45204d70158ad063 .av-image-caption-overlay-center{\ncolor:#ffffff;\n}\n<\/style>\n<div  class='avia-image-container av-273pa6-8d0906f151ec11ed45204d70158ad063 av-styling- avia-align-center  avia-builder-el-19  avia-builder-el-no-sibling '   itemprop=\"image\" itemscope=\"itemscope\" itemtype=\"https:\/\/schema.org\/ImageObject\" ><div class=\"avia-image-container-inner\"><div class=\"avia-image-overlay-wrap\"><img decoding=\"async\" fetchpriority=\"high\" class='wp-image-2417 avia-img-lazy-loading-not-2417 avia_image ' src=\"https:\/\/virtua360.it\/vt\/wp-content\/uploads\/2023\/02\/realta-mista-495x400.jpg\" alt='realta\u0300 mista' title=''  height=\"400\" width=\"495\"  itemprop=\"thumbnailUrl\"  \/><\/div><\/div><\/div><\/div>\n","protected":false},"excerpt":{"rendered":"","protected":false},"author":1,"featured_media":0,"parent":0,"menu_order":0,"comment_status":"closed","ping_status":"closed","template":"","meta":{"footnotes":""},"class_list":["post-2398","page","type-page","status-publish","hentry"],"_links":{"self":[{"href":"https:\/\/virtua360.it\/vt\/wp-json\/wp\/v2\/pages\/2398","targetHints":{"allow":["GET"]}}],"collection":[{"href":"https:\/\/virtua360.it\/vt\/wp-json\/wp\/v2\/pages"}],"about":[{"href":"https:\/\/virtua360.it\/vt\/wp-json\/wp\/v2\/types\/page"}],"author":[{"embeddable":true,"href":"https:\/\/virtua360.it\/vt\/wp-json\/wp\/v2\/users\/1"}],"replies":[{"embeddable":true,"href":"https:\/\/virtua360.it\/vt\/wp-json\/wp\/v2\/comments?post=2398"}],"version-history":[{"count":16,"href":"https:\/\/virtua360.it\/vt\/wp-json\/wp\/v2\/pages\/2398\/revisions"}],"predecessor-version":[{"id":2419,"href":"https:\/\/virtua360.it\/vt\/wp-json\/wp\/v2\/pages\/2398\/revisions\/2419"}],"wp:attachment":[{"href":"https:\/\/virtua360.it\/vt\/wp-json\/wp\/v2\/media?parent=2398"}],"curies":[{"name":"wp","href":"https:\/\/api.w.org\/{rel}","templated":true}]}}