{"id":2350,"date":"2023-02-09T09:52:57","date_gmt":"2023-02-09T08:52:57","guid":{"rendered":"https:\/\/virtua360.it\/vt\/?page_id=2350"},"modified":"2023-02-11T13:28:17","modified_gmt":"2023-02-11T12:28:17","slug":"virtual-tour-3d-risparmio-di-tempo-e-denaro","status":"publish","type":"page","link":"https:\/\/virtua360.it\/vt\/virtual-tour-3d-risparmio-di-tempo-e-denaro\/","title":{"rendered":"Virtual tour 3D: risparmio di tempo e denaro"},"content":{"rendered":"<section  class='av_textblock_section av-ldwux6gm-9d480798d3e3e0de9b657f33ff4e4eef '   itemscope=\"itemscope\" itemtype=\"https:\/\/schema.org\/CreativeWork\" ><div class='avia_textblock'  itemprop=\"text\" ><h2><span style=\"color: #e03a3a;\">Virtual<\/span> tour 3D: risparmio di tempo e denaro.<\/h2>\n<\/div><\/section>\n<div  class='flex_column av-4b31gu-25b1e6d866d44ead7f5c60248f7d5bea av_one_half  avia-builder-el-1  el_after_av_textblock  el_before_av_one_half  first flex_column_div  column-top-margin'     ><section  class='av_textblock_section av-ldww08q7-f0ebb5b16d9fd90d48eb107531d795fa '   itemscope=\"itemscope\" itemtype=\"https:\/\/schema.org\/CreativeWork\" ><div class='avia_textblock'  itemprop=\"text\" ><p><span style=\"font-size: 14pt; color: #333333;\">I virtual tour 3D stanno diventando sempre pi\u00f9 popolari come modo per esplorare gli spazi fisici delle attivit\u00e0 commerciali e produttive senza dover viaggiare fisicamente. <\/span><\/p>\n<p><span style=\"font-size: 14pt; color: #333333;\">Uno dei vantaggi di questi tour virtuali \u00e8 il risparmio di tempo. Invece di dover programmare un viaggio fisico, prenotare voli o perdere tempo in macchina per visitare un luogo o un&#8217;azienda, i clienti potranno esplorare questi spazi da casa o dall&#8217;ufficio. Questo significa che le persone interessate potranno impiegare il loro tempo in modo pi\u00f9 produttivo e le aziende potranno risparmiare tempo e denaro sulle visite in loco. <\/span><\/p>\n<\/div><\/section><\/div>\n<div  class='flex_column av-2u6oda-076388da7fc827faa04a1df6799b6117 av_one_half  avia-builder-el-3  el_after_av_one_half  el_before_av_one_half  flex_column_div  column-top-margin'     ><style type=\"text\/css\" data-created_by=\"avia_inline_auto\" id=\"style-css-av-ldwv0wnq-c9876d7b7862e04c09a40f959ceed059\">\n.avia-image-container.av-ldwv0wnq-c9876d7b7862e04c09a40f959ceed059 img.avia_image{\nbox-shadow:none;\n}\n.avia-image-container.av-ldwv0wnq-c9876d7b7862e04c09a40f959ceed059 .av-image-caption-overlay-center{\ncolor:#ffffff;\n}\n<\/style>\n<div  class='avia-image-container av-ldwv0wnq-c9876d7b7862e04c09a40f959ceed059 av-styling- avia-align-center  avia-builder-el-4  avia-builder-el-no-sibling '   itemprop=\"image\" itemscope=\"itemscope\" itemtype=\"https:\/\/schema.org\/ImageObject\" ><div class=\"avia-image-container-inner\"><div class=\"avia-image-overlay-wrap\"><img decoding=\"async\" fetchpriority=\"high\" class='wp-image-2369 avia-img-lazy-loading-not-2369 avia_image ' src=\"https:\/\/virtua360.it\/vt\/wp-content\/uploads\/2023\/02\/risparmio-tempo7-495x400.jpg\" alt='' title=''  height=\"400\" width=\"495\"  itemprop=\"thumbnailUrl\" srcset=\"https:\/\/virtua360.it\/vt\/wp-content\/uploads\/2023\/02\/risparmio-tempo7-495x400.jpg 495w, https:\/\/virtua360.it\/vt\/wp-content\/uploads\/2023\/02\/risparmio-tempo7-845x684.jpg 845w\" sizes=\"(max-width: 495px) 100vw, 495px\" \/><\/div><\/div><\/div><\/div><div  class='flex_column av-4d878u-fcacdf3bc797261a7d9a2d2104ed3341 av_one_half  avia-builder-el-5  el_after_av_one_half  el_before_av_one_half  first flex_column_div  column-top-margin'     ><section  class='av_textblock_section av-ldwyoli0-a28565591d49c70e2039c8207dc223ec '   itemscope=\"itemscope\" itemtype=\"https:\/\/schema.org\/CreativeWork\" ><div class='avia_textblock'  itemprop=\"text\" ><p><span style=\"font-size: 14pt; color: #333333;\">Inoltre, i virtual tour in 3D forniscono quella \u201cimmersivit\u00e0\u201d che non \u00e8 possibile ottenere mediante foto o video tradizionali. I potenziali acquirenti potranno avere una visione a 360 gradi dei luoghi di loro interesse, esplorare ogni angolo e vedere i dettagli pi\u00f9 importanti.<\/span><\/p>\n<p><span style=\"font-size: 14pt; color: #333333;\">Questo rende l&#8217;esperienza molto pi\u00f9 coinvolgente e aiuta a creare una connessione pi\u00f9 forte tra venditore e cliente. Infine, questi tour in 3D sono anche un modo eccellente per promuovere il proprio business e distinguersi dalla concorrenza. <\/span><\/p>\n<p><span style=\"font-size: 14pt; color: #333333;\">Le attivit\u00e0 che offrono tour virtuali in 3D dimostrano di essere innovative e al passo con i tempi, il che pu\u00f2 aumentare la fiducia verso di esse e aumentare la loro visibilit\u00e0 online. In conclusione, i virtual tour in 3D sono una soluzione vantaggiosa per tutti quei business che desiderano risparmiare tempo e offrire un&#8217;esperienza coinvolgente ai loro clienti. <\/span><\/p>\n<p><span style=\"font-size: 14pt; color: #333333;\">Questa tecnologia sta diventando sempre pi\u00f9 importante e le realt\u00e0 che la adottano presto avranno un tangibile vantaggio competitivo rispetto alla concorrenza.<\/span><\/p>\n<\/div><\/section><\/div><\/p>\n<div  class='flex_column av-2ja0ke-7b421a8ba54bab5622336e0fd513b077 av_one_half  avia-builder-el-7  el_after_av_one_half  avia-builder-el-last  flex_column_div  column-top-margin'     ><style type=\"text\/css\" data-created_by=\"avia_inline_auto\" id=\"style-css-av-ldwyp3fb-cbe01219c3149a935a1970c9352f5276\">\n.avia-image-container.av-ldwyp3fb-cbe01219c3149a935a1970c9352f5276 img.avia_image{\nbox-shadow:none;\n}\n.avia-image-container.av-ldwyp3fb-cbe01219c3149a935a1970c9352f5276 .av-image-caption-overlay-center{\ncolor:#ffffff;\n}\n<\/style>\n<div  class='avia-image-container av-ldwyp3fb-cbe01219c3149a935a1970c9352f5276 av-styling- avia-align-center  avia-builder-el-8  avia-builder-el-no-sibling '   itemprop=\"image\" itemscope=\"itemscope\" itemtype=\"https:\/\/schema.org\/ImageObject\" ><div class=\"avia-image-container-inner\"><div class=\"avia-image-overlay-wrap\"><img decoding=\"async\" fetchpriority=\"high\" class='wp-image-2209 avia-img-lazy-loading-not-2209 avia_image ' src=\"https:\/\/virtua360.it\/vt\/wp-content\/uploads\/2023\/02\/foto-360-495x400.jpg\" alt='' title=''  height=\"400\" width=\"495\"  itemprop=\"thumbnailUrl\" srcset=\"https:\/\/virtua360.it\/vt\/wp-content\/uploads\/2023\/02\/foto-360-495x400.jpg 495w, https:\/\/virtua360.it\/vt\/wp-content\/uploads\/2023\/02\/foto-360-845x684.jpg 845w\" sizes=\"(max-width: 495px) 100vw, 495px\" \/><\/div><\/div><\/div><\/div>\n","protected":false},"excerpt":{"rendered":"","protected":false},"author":1,"featured_media":0,"parent":0,"menu_order":0,"comment_status":"closed","ping_status":"closed","template":"","meta":{"footnotes":""},"class_list":["post-2350","page","type-page","status-publish","hentry"],"_links":{"self":[{"href":"https:\/\/virtua360.it\/vt\/wp-json\/wp\/v2\/pages\/2350","targetHints":{"allow":["GET"]}}],"collection":[{"href":"https:\/\/virtua360.it\/vt\/wp-json\/wp\/v2\/pages"}],"about":[{"href":"https:\/\/virtua360.it\/vt\/wp-json\/wp\/v2\/types\/page"}],"author":[{"embeddable":true,"href":"https:\/\/virtua360.it\/vt\/wp-json\/wp\/v2\/users\/1"}],"replies":[{"embeddable":true,"href":"https:\/\/virtua360.it\/vt\/wp-json\/wp\/v2\/comments?post=2350"}],"version-history":[{"count":13,"href":"https:\/\/virtua360.it\/vt\/wp-json\/wp\/v2\/pages\/2350\/revisions"}],"predecessor-version":[{"id":2428,"href":"https:\/\/virtua360.it\/vt\/wp-json\/wp\/v2\/pages\/2350\/revisions\/2428"}],"wp:attachment":[{"href":"https:\/\/virtua360.it\/vt\/wp-json\/wp\/v2\/media?parent=2350"}],"curies":[{"name":"wp","href":"https:\/\/api.w.org\/{rel}","templated":true}]}}