{"id":2,"date":"2023-01-23T21:54:13","date_gmt":"2023-01-23T20:54:13","guid":{"rendered":"https:\/\/virtua360.it\/vt\/?page_id=2"},"modified":"2023-02-18T12:27:48","modified_gmt":"2023-02-18T11:27:48","slug":"chi-siamo","status":"publish","type":"page","link":"https:\/\/virtua360.it\/vt\/chi-siamo\/","title":{"rendered":"Chi siamo"},"content":{"rendered":"<section  class='av_textblock_section av-lduesbwz-7c992af416862abd552230f4f0eaccc0 '   itemscope=\"itemscope\" itemtype=\"https:\/\/schema.org\/CreativeWork\" ><div class='avia_textblock'  itemprop=\"text\" ><h2><strong><span style=\"color: #e03a3a;\">\u232aC<span style=\"color: #333333;\">hi<\/span> <span style=\"color: #333333;\">Siamo<\/span><\/span><\/strong><\/h2>\n<\/div><\/section>\n\n<style type=\"text\/css\" data-created_by=\"avia_inline_auto\" id=\"style-css-av-ldukax4r-c5f084be8911319daa9925a5deea50b0\">\n#top .hr.hr-invisible.av-ldukax4r-c5f084be8911319daa9925a5deea50b0{\nheight:30px;\n}\n<\/style>\n<div  class='hr av-ldukax4r-c5f084be8911319daa9925a5deea50b0 hr-invisible  avia-builder-el-1  el_after_av_textblock  el_before_av_one_half '><span class='hr-inner '><span class=\"hr-inner-style\"><\/span><\/span><\/div>\n<div  class='flex_column av-9qji-ae176fd292fa0b9d785779726f61fc1c av_one_half  avia-builder-el-2  el_after_av_hr  el_before_av_one_half  first flex_column_div  '     ><section  class='av_textblock_section av-lduf2dih-09aa6c1068b1504dbe0977172f959e77 '   itemscope=\"itemscope\" itemtype=\"https:\/\/schema.org\/CreativeWork\" ><div class='avia_textblock'  itemprop=\"text\" ><h3>Parole d&#8217;ordine: Impegno, tenacia e professionalit\u00e0<\/h3>\n<\/div><\/section><br \/>\n<section  class='av_textblock_section av-lduf31x1-2336ee22e65f3fed3041636d50cb625c '   itemscope=\"itemscope\" itemtype=\"https:\/\/schema.org\/CreativeWork\" ><div class='avia_textblock'  itemprop=\"text\" ><p><span style=\"font-size: 14pt; color: #333333;\">Qual&#8217;\u00e8 la pi\u00f9 grande skill che acquisiamo nel tempo come esseri umani? <\/span><\/p>\n<p><span style=\"text-decoration: underline;\"><span style=\"font-size: 14pt; color: #333333; text-decoration: underline;\">Imparare dai nostri errori.<\/span><\/span><\/p>\n<p><span style=\"font-size: 14pt; color: #333333;\">Una delle pi\u00f9 grandi lezioni che abbiamo vissuto sulla nostra pelle come membri di un team \u00e8 arrivare nel gruppo. <\/span><\/p>\n<p><span style=\"font-size: 14pt; color: #333333;\">Come in una gara ciclistica, chi arriva nel gruppo \u00e8 spesso snobbato. Il suo impegno, la sua tenacia per arrivare fino alla fine passa sempre in secondo piano. Paradossalmente fa pi\u00f9 notizia chi si ritira di chi non molla.<\/span><\/p>\n<\/div><\/section><br \/>\n<div  class='avia-testimonial-wrapper av-le06xyvz-b8e1684e878e285b2f7469b9ec7527b1 avia-grid-testimonials avia-grid-2-testimonials avia_animate_when_almost_visible' >\n<section class=\"avia-testimonial-row\"><div class='avia-testimonial av-le06x8ij-c24c53306ae606d84f0f1193f6f3d479 avia-testimonial-row-1 avia-first-testimonial flex_column no_margin av_one_half'><div class='avia-testimonial_inner'  itemscope=\"itemscope\" itemtype=\"https:\/\/schema.org\/CreativeWork\" ><div class='avia-testimonial-content '><div class='avia-testimonial-markup-entry-content'  itemprop=\"text\" ><p class=\"p1\"><strong><span class=\"s1\" style=\"font-size: 14pt; color: #e03a3a;\">Il successo non consiste nel non commettere mai errori, ma nel non fare mai lo stesso errore una seconda volta.<\/span><\/strong><\/p>\n<\/div><\/div><div class=\"avia-testimonial-meta\"><div class=\"avia-testimonial-arrow-wrap\"><div class=\"avia-arrow\"><\/div><\/div><div class='avia-testimonial-meta-mini'  itemprop=\"author\" itemscope=\"itemscope\" itemtype=\"https:\/\/schema.org\/Person\" ><strong  class='avia-testimonial-name'  itemprop=\"name\" >George Bernard Shaw<\/strong><\/div><\/div><\/div><\/div>\n<\/section><\/div><\/p><\/div>\n<div  class='flex_column av-6zow-66d0f7d06da1e282d5c05021111c5e6f av_one_half  avia-builder-el-6  el_after_av_one_half  el_before_av_one_half  flex_column_div  '     ><style type=\"text\/css\" data-created_by=\"avia_inline_auto\" id=\"style-css-av-lduewcju-85c8efeea7be11d3e27c34ae21920578\">\n.avia-image-container.av-lduewcju-85c8efeea7be11d3e27c34ae21920578 img.avia_image{\nbox-shadow:none;\n}\n.avia-image-container.av-lduewcju-85c8efeea7be11d3e27c34ae21920578 .av-image-caption-overlay-center{\ncolor:#ffffff;\n}\n<\/style>\n<div  class='avia-image-container av-lduewcju-85c8efeea7be11d3e27c34ae21920578 av-styling- avia_animated_image av-animated-when-visible-95 av-rotateIn avia-align-center  avia-builder-el-7  avia-builder-el-no-sibling '   itemprop=\"image\" itemscope=\"itemscope\" itemtype=\"https:\/\/schema.org\/ImageObject\" ><div class=\"avia-image-container-inner\"><div class=\"avia-image-overlay-wrap\"><img decoding=\"async\" fetchpriority=\"high\" class='wp-image-2312 avia-img-lazy-loading-not-2312 avia_image ' src=\"https:\/\/virtua360.it\/vt\/wp-content\/uploads\/2023\/02\/ciclista-triste-300x300.jpg\" alt='' title=''  height=\"300\" width=\"300\"  itemprop=\"thumbnailUrl\" srcset=\"https:\/\/virtua360.it\/vt\/wp-content\/uploads\/2023\/02\/ciclista-triste-300x300.jpg 300w, https:\/\/virtua360.it\/vt\/wp-content\/uploads\/2023\/02\/ciclista-triste-80x80.jpg 80w, https:\/\/virtua360.it\/vt\/wp-content\/uploads\/2023\/02\/ciclista-triste-768x768.jpg 768w, https:\/\/virtua360.it\/vt\/wp-content\/uploads\/2023\/02\/ciclista-triste-36x36.jpg 36w, https:\/\/virtua360.it\/vt\/wp-content\/uploads\/2023\/02\/ciclista-triste-180x180.jpg 180w, https:\/\/virtua360.it\/vt\/wp-content\/uploads\/2023\/02\/ciclista-triste-705x705.jpg 705w, https:\/\/virtua360.it\/vt\/wp-content\/uploads\/2023\/02\/ciclista-triste.jpg 1024w\" sizes=\"(max-width: 300px) 100vw, 300px\" \/><\/div><\/div><\/div><\/div>\n<div  class='flex_column av-5u7a-0cc509b719be2e68df56505455b757c4 av_one_half  avia-builder-el-8  el_after_av_one_half  el_before_av_one_half  first flex_column_div  column-top-margin'     ><section  class='av_textblock_section av-lduh1lbv-da1b807d27e090c262f5c87229e1f5c6 '   itemscope=\"itemscope\" itemtype=\"https:\/\/schema.org\/CreativeWork\" ><div class='avia_textblock'  itemprop=\"text\" ><p><span style=\"font-size: 14pt; color: #333333;\">Ma noi in quanto ad impegno e tenacia non siamo secondi a nessuno, infatti \u00e8 dal 2013 che abbiamo in mente un progetto di business che possa in qualche modo lasciare il segno. <\/span><\/p>\n<p><span style=\"font-size: 14pt; color: #333333;\">In questi anno siamo passati dalla creazione di un software per il mondo della sanit\u00e0 privata ai servizi <a href=\"https:\/\/massimopieracini.it\/mp2\/posizionamento-seo-consulente-seo-carpi-mo\/\" target=\"_blank\" rel=\"noopener\">SEO<\/a>, <a href=\"https:\/\/massimopieracini.it\/mp2\/search-engine-advertising-consulenza-sem-carpi-mo\/\" target=\"_blank\" rel=\"noopener\">social Ads<\/a> alla realizzazione di <a href=\"https:\/\/massimopieracini.it\/mp2\/siti-web-realizzazione-e-consulenza-carpi-mo\/\" target=\"_blank\" rel=\"noopener\">siti web<\/a> ed siti <a href=\"https:\/\/www.aryanna.biz\/ac\/\" target=\"_blank\" rel=\"noopener\">eCommerce<\/a>.<\/span><\/p>\n<\/div><\/section><\/div>\n<div  class='flex_column av-3jvo-a4fbedc029860ed974f39b873b98609d av_one_half  avia-builder-el-10  el_after_av_one_half  el_before_av_one_half  flex_column_div  column-top-margin'     ><style type=\"text\/css\" data-created_by=\"avia_inline_auto\" id=\"style-css-av-ldugyvgv-a1f52d29eee1e14cfe30b5e01c25f320\">\n.avia-image-container.av-ldugyvgv-a1f52d29eee1e14cfe30b5e01c25f320 img.avia_image{\nbox-shadow:none;\n}\n.avia-image-container.av-ldugyvgv-a1f52d29eee1e14cfe30b5e01c25f320 .av-image-caption-overlay-center{\ncolor:#ffffff;\n}\n<\/style>\n<div  class='avia-image-container av-ldugyvgv-a1f52d29eee1e14cfe30b5e01c25f320 av-styling- avia_animated_image av-animated-when-visible-95 av-rotateIn avia-align-center  avia-builder-el-11  avia-builder-el-no-sibling '   itemprop=\"image\" itemscope=\"itemscope\" itemtype=\"https:\/\/schema.org\/ImageObject\" ><div class=\"avia-image-container-inner\"><div class=\"avia-image-overlay-wrap\"><img decoding=\"async\" fetchpriority=\"high\" class='wp-image-2339 avia-img-lazy-loading-not-2339 avia_image ' src=\"https:\/\/virtua360.it\/vt\/wp-content\/uploads\/2023\/02\/muscolo-piu-3-300x295.jpg\" alt='' title=''  height=\"295\" width=\"300\"  itemprop=\"thumbnailUrl\" srcset=\"https:\/\/virtua360.it\/vt\/wp-content\/uploads\/2023\/02\/muscolo-piu-3-300x295.jpg 300w, https:\/\/virtua360.it\/vt\/wp-content\/uploads\/2023\/02\/muscolo-piu-3-80x80.jpg 80w, https:\/\/virtua360.it\/vt\/wp-content\/uploads\/2023\/02\/muscolo-piu-3-768x755.jpg 768w, https:\/\/virtua360.it\/vt\/wp-content\/uploads\/2023\/02\/muscolo-piu-3-36x36.jpg 36w, https:\/\/virtua360.it\/vt\/wp-content\/uploads\/2023\/02\/muscolo-piu-3-705x693.jpg 705w, https:\/\/virtua360.it\/vt\/wp-content\/uploads\/2023\/02\/muscolo-piu-3.jpg 1024w\" sizes=\"(max-width: 300px) 100vw, 300px\" \/><\/div><\/div><\/div><\/div>\n<div  class='flex_column av-ao12-a97abbe5f3162d187d9836263a3ab50e av_one_half  avia-builder-el-12  el_after_av_one_half  el_before_av_one_half  first flex_column_div  column-top-margin'     ><section  class='av_textblock_section av-ldvgew9w-97936e8bfaabc444a653fddfd040c991 '   itemscope=\"itemscope\" itemtype=\"https:\/\/schema.org\/CreativeWork\" ><div class='avia_textblock'  itemprop=\"text\" ><p><span style=\"font-size: 14pt; color: #333333;\">Oggi ogni attivit\u00e0 pi\u00f9 o meno strutturata ha un proprio biglietto da vista online, ossia un proprio sito web, ma che in realt\u00e0 non \u00e8 molto diverso (sia come struttura che nei contenuti) da quello della concorrenza. Il problema \u00e8 che oggi, in molti settori, diventa davvero molto difficile differenziarsi dai competitors.<\/span><\/p>\n<p><span style=\"font-size: 14pt; color: #333333;\">Per questo ci siamo prefissi un&#8217;obiettivo molto ambizioso: migliorare la distintivit\u00e0 dei siti web dei nostri clienti, un modo per uscire dall&#8217;omologazione e da quelle situazioni per cui solo il prezzo pi\u00f9 basso fa la differenza. Per questo noi proponiamo i virtual tour 360 in 3D.<\/span><\/p>\n<\/div><\/section><\/div>\n<div  class='flex_column av-6ury-8baf38c833d7b462cb602ecd9a8e4da9 av_one_half  avia-builder-el-14  el_after_av_one_half  el_before_av_one_half  flex_column_div  column-top-margin'     ><style type=\"text\/css\" data-created_by=\"avia_inline_auto\" id=\"style-css-av-ldvgmoi5-239d9ac173e858760f976cbb8810bc49\">\n.avia-image-container.av-ldvgmoi5-239d9ac173e858760f976cbb8810bc49 img.avia_image{\nbox-shadow:none;\n}\n.avia-image-container.av-ldvgmoi5-239d9ac173e858760f976cbb8810bc49 .av-image-caption-overlay-center{\ncolor:#ffffff;\n}\n<\/style>\n<div  class='avia-image-container av-ldvgmoi5-239d9ac173e858760f976cbb8810bc49 av-styling-no-styling avia_animated_image av-animated-when-visible-95 av-rotateIn avia-align-center  avia-builder-el-15  avia-builder-el-no-sibling '   itemprop=\"image\" itemscope=\"itemscope\" itemtype=\"https:\/\/schema.org\/ImageObject\" ><div class=\"avia-image-container-inner\"><div class=\"avia-image-overlay-wrap\"><img decoding=\"async\" fetchpriority=\"high\" class='wp-image-2323 avia-img-lazy-loading-not-2323 avia_image ' src=\"https:\/\/virtua360.it\/vt\/wp-content\/uploads\/2023\/02\/distintivita-1-300x300.jpg\" alt='' title=''  height=\"300\" width=\"300\"  itemprop=\"thumbnailUrl\" srcset=\"https:\/\/virtua360.it\/vt\/wp-content\/uploads\/2023\/02\/distintivita-1-300x300.jpg 300w, https:\/\/virtua360.it\/vt\/wp-content\/uploads\/2023\/02\/distintivita-1-80x80.jpg 80w, https:\/\/virtua360.it\/vt\/wp-content\/uploads\/2023\/02\/distintivita-1-768x768.jpg 768w, https:\/\/virtua360.it\/vt\/wp-content\/uploads\/2023\/02\/distintivita-1-36x36.jpg 36w, https:\/\/virtua360.it\/vt\/wp-content\/uploads\/2023\/02\/distintivita-1-180x180.jpg 180w, https:\/\/virtua360.it\/vt\/wp-content\/uploads\/2023\/02\/distintivita-1-705x705.jpg 705w, https:\/\/virtua360.it\/vt\/wp-content\/uploads\/2023\/02\/distintivita-1.jpg 1024w\" sizes=\"(max-width: 300px) 100vw, 300px\" \/><\/div><\/div><\/div><\/div>\n<div  class='flex_column av-62zo-8db271049a4b80e7ac3d2fd8817c87ad av_one_half  avia-builder-el-16  el_after_av_one_half  el_before_av_one_half  first flex_column_div  column-top-margin'     ><section  class='av_textblock_section av-ldvgvtrq-6671e00e94407c4c3ee8d8d76baf1e04 '   itemscope=\"itemscope\" itemtype=\"https:\/\/schema.org\/CreativeWork\" ><div class='avia_textblock'  itemprop=\"text\" ><p><span style=\"font-size: 14pt; color: #333333;\">Abbiamo cos\u00ec creato <span style=\"color: #e03a3a;\">virtua360.it<\/span> per aiutare aziende, agenzie e professionisti a differziarsi attraverso i virtual tour.<\/span><\/p>\n<p><span style=\"font-size: 14pt; color: #333333;\"> Lo scopo \u00e8 fornire ai visitatori dei siti web dei nostri clienti esperienze nuove, vere, immersive e tridimensionali.<\/span><\/p>\n<p><span style=\"font-size: 14pt; color: #333333;\"> Esperienze per creare un impatto che vada oltre la vetrina online di un anonimo sito web in 2D.<\/span><\/p>\n<\/div><\/section><\/div>\n<div  class='flex_column av-31gw-061e8b17f4d7bcb8d58e384fcaf37c29 av_one_half  avia-builder-el-18  el_after_av_one_half  el_before_av_one_half  flex_column_div  column-top-margin'     ><style type=\"text\/css\" data-created_by=\"avia_inline_auto\" id=\"style-css-av-ldvhbxl9-b793cc51d118601dc2569240e5d2c2c4\">\n.avia-image-container.av-ldvhbxl9-b793cc51d118601dc2569240e5d2c2c4 img.avia_image{\nbox-shadow:none;\n}\n.avia-image-container.av-ldvhbxl9-b793cc51d118601dc2569240e5d2c2c4 .av-image-caption-overlay-center{\ncolor:#ffffff;\n}\n<\/style>\n<div  class='avia-image-container av-ldvhbxl9-b793cc51d118601dc2569240e5d2c2c4 av-styling- avia_animated_image av-animated-when-visible-95 av-rotateIn avia-align-center  avia-builder-el-19  avia-builder-el-no-sibling '   itemprop=\"image\" itemscope=\"itemscope\" itemtype=\"https:\/\/schema.org\/ImageObject\" ><div class=\"avia-image-container-inner\"><div class=\"avia-image-overlay-wrap\"><img decoding=\"async\" fetchpriority=\"high\" class='wp-image-2324 avia-img-lazy-loading-not-2324 avia_image ' src=\"https:\/\/virtua360.it\/vt\/wp-content\/uploads\/2023\/02\/visore1-300x285.jpg\" alt='' title=''  height=\"285\" width=\"300\"  itemprop=\"thumbnailUrl\" srcset=\"https:\/\/virtua360.it\/vt\/wp-content\/uploads\/2023\/02\/visore1-300x285.jpg 300w, https:\/\/virtua360.it\/vt\/wp-content\/uploads\/2023\/02\/visore1-768x730.jpg 768w, https:\/\/virtua360.it\/vt\/wp-content\/uploads\/2023\/02\/visore1-705x670.jpg 705w, https:\/\/virtua360.it\/vt\/wp-content\/uploads\/2023\/02\/visore1.jpg 1024w\" sizes=\"(max-width: 300px) 100vw, 300px\" \/><\/div><\/div><\/div><\/div>\n<div  class='flex_column av-4yao-cd578b98e15ca2cc70a308bf2e68ce0a av_one_half  avia-builder-el-20  el_after_av_one_half  el_before_av_one_half  first flex_column_div  column-top-margin'     ><section  class='av_textblock_section av-ldvi7pcj-ef1ec7bfdc37d2b6e5bd35e4aa173ea3 '   itemscope=\"itemscope\" itemtype=\"https:\/\/schema.org\/CreativeWork\" ><div class='avia_textblock'  itemprop=\"text\" ><p><span style=\"font-size: 14pt;\">Siamo un gruppo di freelance capitanati da <a href=\"https:\/\/massimopieracini.it\/mp2\/\" target=\"_blank\" rel=\"noopener\">Massimo Pieracini<\/a> guidati dall&#8217;idea di elevare il livello dell&#8217;esperienza sul web al fine di dare un impronta di originalit\u00e0 alla comunicazione. <\/span><\/p>\n<p><span style=\"font-size: 14pt;\">Ci siamo dotati di una tecnologia che possa permettere ai visitatori dei siti internet di vivere in prima persona la navigazione in 3D, al fine di fornire un riscontro tangibile a quella autenticit\u00e0 che spesso \u00e8 solo narrata a parole.<\/span><\/p>\n<\/div><\/section><\/div>\n<div  class='flex_column av-3b6w-badc98a3ddebdc652a492b76b101dc5d av_one_half  avia-builder-el-22  el_after_av_one_half  el_before_av_one_half  flex_column_div  column-top-margin'     ><style type=\"text\/css\" data-created_by=\"avia_inline_auto\" id=\"style-css-av-ldvi64sk-03b00cbc10b1f9415140655c62c16fa8\">\n.avia-image-container.av-ldvi64sk-03b00cbc10b1f9415140655c62c16fa8 img.avia_image{\nbox-shadow:none;\n}\n.avia-image-container.av-ldvi64sk-03b00cbc10b1f9415140655c62c16fa8 .av-image-caption-overlay-center{\ncolor:#ffffff;\n}\n<\/style>\n<div  class='avia-image-container av-ldvi64sk-03b00cbc10b1f9415140655c62c16fa8 av-styling- avia_animated_image av-animated-when-visible-95 av-rotateIn avia-align-center  avia-builder-el-23  avia-builder-el-no-sibling '   itemprop=\"image\" itemscope=\"itemscope\" itemtype=\"https:\/\/schema.org\/ImageObject\" ><div class=\"avia-image-container-inner\"><div class=\"avia-image-overlay-wrap\"><img decoding=\"async\" fetchpriority=\"high\" class='wp-image-2328 avia-img-lazy-loading-not-2328 avia_image ' src=\"https:\/\/virtua360.it\/vt\/wp-content\/uploads\/2023\/02\/team2-300x295.jpg\" alt='' title=''  height=\"295\" width=\"300\"  itemprop=\"thumbnailUrl\" srcset=\"https:\/\/virtua360.it\/vt\/wp-content\/uploads\/2023\/02\/team2-300x295.jpg 300w, https:\/\/virtua360.it\/vt\/wp-content\/uploads\/2023\/02\/team2-80x80.jpg 80w, https:\/\/virtua360.it\/vt\/wp-content\/uploads\/2023\/02\/team2-768x755.jpg 768w, https:\/\/virtua360.it\/vt\/wp-content\/uploads\/2023\/02\/team2-36x36.jpg 36w, https:\/\/virtua360.it\/vt\/wp-content\/uploads\/2023\/02\/team2-705x693.jpg 705w, https:\/\/virtua360.it\/vt\/wp-content\/uploads\/2023\/02\/team2.jpg 1024w\" sizes=\"(max-width: 300px) 100vw, 300px\" \/><\/div><\/div><\/div><\/div>\n<div  class='flex_column av-5ihc-0f8091f42b112577ef5fbdda68ce84b8 av_one_half  avia-builder-el-24  el_after_av_one_half  el_before_av_one_half  first flex_column_div  column-top-margin'     ><section  class='av_textblock_section av-ldvim5c6-9c89ba22bd7a59bf83888ba32d78a7d0 '   itemscope=\"itemscope\" itemtype=\"https:\/\/schema.org\/CreativeWork\" ><div class='avia_textblock'  itemprop=\"text\" ><p><span style=\"font-size: 14pt; color: #333333;\">Con i virtual tour vogliamo allinearci alla nuova evoluzione dei siti internet mantenendo uno sguardo sempre attento alle realt\u00e0 virtuale, aumentata e mista che si svilupperanno nei prossimi anni.<\/span><\/p>\n<p><span style=\"font-size: 14pt; color: #333333;\">Sceglierci vuol dire iniziare gi\u00e0 da oggi a gettare le basi della tua attivit\u00e0 per il web 3.<\/span><\/p>\n<\/div><\/section><\/div>\n<div  class='flex_column av-2zau-8c8d8b909e9baf7fd921d0c45be2242a av_one_half  avia-builder-el-26  el_after_av_one_half  avia-builder-el-last  flex_column_div  column-top-margin'     ><style type=\"text\/css\" data-created_by=\"avia_inline_auto\" id=\"style-css-av-ldvjrl0g-b1a06bebe5bc890131f305f7286d14a3\">\n.avia-image-container.av-ldvjrl0g-b1a06bebe5bc890131f305f7286d14a3 img.avia_image{\nbox-shadow:none;\n}\n.avia-image-container.av-ldvjrl0g-b1a06bebe5bc890131f305f7286d14a3 .av-image-caption-overlay-center{\ncolor:#ffffff;\n}\n<\/style>\n<div  class='avia-image-container av-ldvjrl0g-b1a06bebe5bc890131f305f7286d14a3 av-styling- avia_animated_image av-animated-when-visible-95 av-rotateIn avia-align-center  avia-builder-el-27  avia-builder-el-no-sibling '   itemprop=\"image\" itemscope=\"itemscope\" itemtype=\"https:\/\/schema.org\/ImageObject\" ><div class=\"avia-image-container-inner\"><div class=\"avia-image-overlay-wrap\"><img decoding=\"async\" fetchpriority=\"high\" class='wp-image-2332 avia-img-lazy-loading-not-2332 avia_image ' src=\"https:\/\/virtua360.it\/vt\/wp-content\/uploads\/2023\/02\/web-3b-300x300.jpg\" alt='' title=''  height=\"300\" width=\"300\"  itemprop=\"thumbnailUrl\" srcset=\"https:\/\/virtua360.it\/vt\/wp-content\/uploads\/2023\/02\/web-3b-300x300.jpg 300w, https:\/\/virtua360.it\/vt\/wp-content\/uploads\/2023\/02\/web-3b-80x80.jpg 80w, https:\/\/virtua360.it\/vt\/wp-content\/uploads\/2023\/02\/web-3b-768x768.jpg 768w, https:\/\/virtua360.it\/vt\/wp-content\/uploads\/2023\/02\/web-3b-36x36.jpg 36w, https:\/\/virtua360.it\/vt\/wp-content\/uploads\/2023\/02\/web-3b-180x180.jpg 180w, https:\/\/virtua360.it\/vt\/wp-content\/uploads\/2023\/02\/web-3b-705x705.jpg 705w, https:\/\/virtua360.it\/vt\/wp-content\/uploads\/2023\/02\/web-3b.jpg 1024w\" sizes=\"(max-width: 300px) 100vw, 300px\" \/><\/div><\/div><\/div><\/div>\n","protected":false},"excerpt":{"rendered":"","protected":false},"author":1,"featured_media":0,"parent":0,"menu_order":0,"comment_status":"closed","ping_status":"open","template":"","meta":{"footnotes":""},"class_list":["post-2","page","type-page","status-publish","hentry"],"_links":{"self":[{"href":"https:\/\/virtua360.it\/vt\/wp-json\/wp\/v2\/pages\/2","targetHints":{"allow":["GET"]}}],"collection":[{"href":"https:\/\/virtua360.it\/vt\/wp-json\/wp\/v2\/pages"}],"about":[{"href":"https:\/\/virtua360.it\/vt\/wp-json\/wp\/v2\/types\/page"}],"author":[{"embeddable":true,"href":"https:\/\/virtua360.it\/vt\/wp-json\/wp\/v2\/users\/1"}],"replies":[{"embeddable":true,"href":"https:\/\/virtua360.it\/vt\/wp-json\/wp\/v2\/comments?post=2"}],"version-history":[{"count":27,"href":"https:\/\/virtua360.it\/vt\/wp-json\/wp\/v2\/pages\/2\/revisions"}],"predecessor-version":[{"id":2460,"href":"https:\/\/virtua360.it\/vt\/wp-json\/wp\/v2\/pages\/2\/revisions\/2460"}],"wp:attachment":[{"href":"https:\/\/virtua360.it\/vt\/wp-json\/wp\/v2\/media?parent=2"}],"curies":[{"name":"wp","href":"https:\/\/api.w.org\/{rel}","templated":true}]}}